{"id":1005,"date":"2023-04-25T09:04:18","date_gmt":"2023-04-25T09:04:18","guid":{"rendered":"https:\/\/it.b2b.systems\/?page_id=1005"},"modified":"2023-07-11T09:53:32","modified_gmt":"2023-07-11T09:53:32","slug":"informacion-legal","status":"publish","type":"page","link":"https:\/\/it.b2b.systems\/?page_id=1005","title":{"rendered":"Informaci\u00f3n legal"},"content":{"rendered":"\t\t<div data-elementor-type=\"wp-page\" data-elementor-id=\"1005\" class=\"elementor elementor-1005\">\n\t\t\t\t\t\t<section class=\"elementor-section elementor-top-section elementor-element elementor-element-a127562 elementor-section-height-min-height elementor-section-full_width elementor-section-stretched elementor-section-height-default elementor-section-items-middle\" data-id=\"a127562\" data-element_type=\"section\" data-settings=\"{&quot;background_background&quot;:&quot;gradient&quot;,&quot;stretch_section&quot;:&quot;section-stretched&quot;}\">\n\t\t\t\t\t\t\t<div class=\"elementor-background-overlay\"><\/div>\n\t\t\t\t\t\t\t<div class=\"elementor-container elementor-column-gap-default\">\n\t\t\t\t\t<div class=\"elementor-column elementor-col-100 elementor-top-column elementor-element elementor-element-98d703a\" data-id=\"98d703a\" data-element_type=\"column\">\n\t\t\t<div class=\"elementor-widget-wrap elementor-element-populated\">\n\t\t\t\t\t\t<div class=\"elementor-element elementor-element-6b7382a elementor-widget elementor-widget-heading\" data-id=\"6b7382a\" data-element_type=\"widget\" data-widget_type=\"heading.default\">\n\t\t\t\t<div class=\"elementor-widget-container\">\n\t\t\t<style>\/*! elementor - v3.21.0 - 26-05-2024 *\/\n.elementor-heading-title{padding:0;margin:0;line-height:1}.elementor-widget-heading .elementor-heading-title[class*=elementor-size-]>a{color:inherit;font-size:inherit;line-height:inherit}.elementor-widget-heading .elementor-heading-title.elementor-size-small{font-size:15px}.elementor-widget-heading .elementor-heading-title.elementor-size-medium{font-size:19px}.elementor-widget-heading .elementor-heading-title.elementor-size-large{font-size:29px}.elementor-widget-heading .elementor-heading-title.elementor-size-xl{font-size:39px}.elementor-widget-heading .elementor-heading-title.elementor-size-xxl{font-size:59px}<\/style><h2 class=\"elementor-heading-title elementor-size-large\">Informazioni Legali<\/h2>\t\t<\/div>\n\t\t\t\t<\/div>\n\t\t\t\t\t<\/div>\n\t\t<\/div>\n\t\t\t\t\t<\/div>\n\t\t<\/section>\n\t\t\t\t<section class=\"elementor-section elementor-top-section elementor-element elementor-element-143ef8da elementor-section-stretched elementor-section-boxed elementor-section-height-default elementor-section-height-default\" data-id=\"143ef8da\" data-element_type=\"section\" data-settings=\"{&quot;stretch_section&quot;:&quot;section-stretched&quot;}\">\n\t\t\t\t\t\t<div class=\"elementor-container elementor-column-gap-default\">\n\t\t\t\t\t<div class=\"elementor-column elementor-col-100 elementor-top-column elementor-element elementor-element-3027ba8\" data-id=\"3027ba8\" data-element_type=\"column\">\n\t\t\t<div class=\"elementor-widget-wrap elementor-element-populated\">\n\t\t\t\t\t\t<section class=\"elementor-section elementor-inner-section elementor-element elementor-element-12a7c302 elementor-section-boxed elementor-section-height-default elementor-section-height-default\" data-id=\"12a7c302\" data-element_type=\"section\">\n\t\t\t\t\t\t<div class=\"elementor-container elementor-column-gap-default\">\n\t\t\t\t\t<div class=\"elementor-column elementor-col-100 elementor-inner-column elementor-element elementor-element-3af28453\" data-id=\"3af28453\" data-element_type=\"column\">\n\t\t\t<div class=\"elementor-widget-wrap elementor-element-populated\">\n\t\t\t\t\t\t<div class=\"elementor-element elementor-element-27c437b9 elementor-widget elementor-widget-text-editor\" data-id=\"27c437b9\" data-element_type=\"widget\" data-widget_type=\"text-editor.default\">\n\t\t\t\t<div class=\"elementor-widget-container\">\n\t\t\t<style>\/*! elementor - v3.21.0 - 26-05-2024 *\/\n.elementor-widget-text-editor.elementor-drop-cap-view-stacked .elementor-drop-cap{background-color:#69727d;color:#fff}.elementor-widget-text-editor.elementor-drop-cap-view-framed .elementor-drop-cap{color:#69727d;border:3px solid;background-color:transparent}.elementor-widget-text-editor:not(.elementor-drop-cap-view-default) .elementor-drop-cap{margin-top:8px}.elementor-widget-text-editor:not(.elementor-drop-cap-view-default) .elementor-drop-cap-letter{width:1em;height:1em}.elementor-widget-text-editor .elementor-drop-cap{float:left;text-align:center;line-height:1;font-size:50px}.elementor-widget-text-editor .elementor-drop-cap-letter{display:inline-block}<\/style>\t\t\t\t<h4 class=\"Paragraph SCX143466353\">SCOPO E ACCETTAZIONE<\/h4><p>Questo Avviso Legale regola l\u2019uso del sito web https:\/\/it.b2b.systems (di seguito,\u00a0SITO WEB), titolare di <strong>B2B SOLUTIONS, SLU<\/strong>, (di seguito, IL PROPRIETARIO\u00a0DEL SITO WEB).<\/p><p>La navigazione nel SITO WEB del PROPRIETARIO DEL SITO WEB attribuisce\u00a0lo stato di utente dello stesso ed implica l\u2019accettazione piena e senza riserve di\u00a0tutte e ciascuna delle disposizioni incluse nel presente Avviso Legale, le quali\u00a0possono subire modifiche.<\/p><p>L\u2019utente si impegna a fare un uso corretto del SITO WEB in conformit\u00e0 con le\u00a0leggi,la buona fede, l\u2019ordine pubblico, gli usi del traffico e del presente Avviso\u00a0Legale.\u00a0<span style=\"font-size: inherit; text-align: inherit;\">L\u2019utente risponder\u00e0 al PROPRIETARIO DEL SITO WEB o a terzi, per eventuali\u00a0danni che potrebbero essere causati a seguiti a seguito della violazione di tale\u00a0obbligo.<\/span><\/p><h4 class=\"Paragraph SCX143466353\">IDENTIFICAZIONE E COMUNICAZIONI<\/h4><p class=\"Paragraph SCX143466353\">Al fine di ottemperare a quanto stabilito dall\u2019art. 10 della legge 34\/2002, dell\u201911\u00a0luglio, sui servizi della societ\u00e0 di informazione e del commercio elettronico, si\u00a0informa che:<\/p><p class=\"Paragraph SCX143466353\">IL SITO WEB appartiene a <strong>B2B SOLUTIONS, SLU<\/strong>, con PARTITA IVA:\u00a0B-86954567 e sede legale in Via Vel\u00e0zquez 157, 1\u00b0 Piano, 28002 Madrid.<\/p><p class=\"Paragraph SCX143466353\">IL PROPRIETARIO DEL SITO WEB informa che lo scopo del SITO WEB \u00e8\u00a0fornire ai propri clienti e al pubblico in generale informazioni relative alla\u00a0Societ\u00e0, ai servizi che offre ed ai prodotti che vende, nonch\u00e9 qualsiasi altra\u00a0informazione che IL PROPRIETARIO DEL SITO WEB ritiene rilevante per lo\u00a0svolgimento della propria attivit\u00e0.<\/p><p class=\"Paragraph SCX143466353\">Per poter comunicare con IL PROPRIETARIO DEL SITO WEB potete recarvi\u00a0all\u2019indirizzo sopra indicato o all\u2019indirizzo e-mail <a href=\"mailto:info@b2b.solutions\">info@b2b.solutions<\/a>, IL\u00a0PROPRIETARIO DEL SITO WEB si impegna a non cedere, vendere o\u00a0condividere i dati con terzi senza il vostro consenso esplicito.<\/p><p class=\"Paragraph SCX143466353\">Tutte le notifiche e comunicazioni tra gli utenti e IL PROPRIETARIO DEL SITO\u00a0WEB si considerano effettuate, a tutti gli effetti, quando saranno effettuate\u00a0tramite i mezzi sopra descritti.<\/p><h4>CONDIZIONI DI ACCESSO E UTILIZZO<\/h4><p>IL SITO WEB e i suoi servizi sono liberamente accessibili, tuttavia, IL PROPRIETARIO DEL SITO WEB pu\u00f2 condizionare l\u2019utilizzo di alcuni servizi\u00a0offerti sul SITO WEB previa compilazione del modulo corrispondente e\u00a0successiva autorizzazione.<\/p><p>L\u2019utente garantisce l\u2019autenticit\u00e0 e l\u2019attualit\u00e0 di tutti i dati che comunica al\u00a0PROPRIETARIO DEL SITO WEB e sar\u00e0 l\u2019unico responsabile per eventuali\u00a0dichiarazioni false o inesatte. L\u2019utente accetta espressamente di fare un uso\u00a0corretto dei contenuti e dei servizi del PROPRIETARIO DEL SITO WEB e di\u00a0non utilizzarli per, tra le altre cose:<\/p>\t\t\t\t\t\t<\/div>\n\t\t\t\t<\/div>\n\t\t\t\t<div class=\"elementor-element elementor-element-31bf00ea elementor-widget elementor-widget-text-editor\" data-id=\"31bf00ea\" data-element_type=\"widget\" data-widget_type=\"text-editor.default\">\n\t\t\t\t<div class=\"elementor-widget-container\">\n\t\t\t\t\t\t\t<p>a) Diffondere contenuti criminali, violenti, pornografici, razzisti, xenofobi, offensivi, di apolog\u00eda al terrorismo o in generale contrari alla legge o all\u2019ordine pubblico.<\/p><p>b) Introdurre nella rete virus informatici o eseguire azioni che possono alterare, compromettere, interrompere o generare errori e\/o danni a documenti elettronici, dati o sistema fisici e logici del PROPRIETARIO DEL WEB o di terzi; cos\u00ec come ostacolare l\u2019accesso di altri utenti al SITO WEB e ai suoi servizi attraverso il consumo massiccio di risorse informatiche attraverso le quali il PROPRIETARIO DEL SITO WEB\u00a0fornisce i suoi servizi.<\/p><p>c) Tentare di accedere agli account di posta elettronica di altri utenti o ad aree riservate del sistema informatico del PROPRIETARIO DEL SITO WEB o di terze parti e,in tal caso, estrarre informazioni.<\/p><p>d) Violare i diritti di propriet\u00e0 intellettuale o industriale, nonch\u00e9 violare la riservatezza delle informazioni del PROPRIETARIO DEL SITO WEB o di terzi.<\/p><p>e) Impersonare l\u2019identit\u00e0 di un altro utente, delle pubbliche amministrazioni o di terze parti.<\/p><p>f) Riprodurre, copiare, distribuire rendere disponibile o in qualsiasi altro modo comunicare pubblicamente, trasformare o modificare i contenuti, a\u00a0meno che tu non richieda l\u2019autorizzazione del titolare dei corrispondenti diritti o sia legalmente autorizzato.<\/p><p>g) Raccogliere dati per scopi pubblicitari e per inviare pubblicit\u00e0 o comunicazioni per la vendita di qualsiasi tipo o altri scopi commerciali senza la preventiva richiesta o consenso.\u00a0<\/p>\t\t\t\t\t\t<\/div>\n\t\t\t\t<\/div>\n\t\t\t\t<div class=\"elementor-element elementor-element-3714c979 elementor-widget elementor-widget-text-editor\" data-id=\"3714c979\" data-element_type=\"widget\" data-widget_type=\"text-editor.default\">\n\t\t\t\t<div class=\"elementor-widget-container\">\n\t\t\t\t\t\t\t<p>Tutti i contenuti del SITO WEB, come testi, fotografie, grafici, immagini, icone,\u00a0tecnologia, software, e ancora la sua progettazione grafica e codici sorgente,\u00a0costituiscono un\u2019opera la cui propriet\u00e0 appartiene al PROPRIETARIO DEL\u00a0SITO WEB, senza che alcun diritto di utilizzo sugli stessi sia da intendersi\u00a0ceduto all\u2019utente oltra a quanto strettamente necessario per il corretto utilizzo\u00a0del SITO WEB.<\/p><p>In definitiva, gli utenti che accedono al SITO WEB possono visionare i contenuti\u00a0ed effettuare, nel caso, copie private autorizzate a condizione che gli elementi\u00a0riprodotti non siano successivamente ceduti a terzi, n\u00e9 siano caricati su server\u00a0collegati in rete, n\u00e8 siano soggetti ad alcun tipo di sfruttamento.<\/p><p>Allo stesso modo, tutti i marchi, i nomi commerciali o segni distintivi di qualsiasi\u00a0tipo che compaiono sul SITO WEB sono di propriet\u00e0 del PROPRIETARIO DEL\u00a0SITO WEB, senza che sia inteso che l\u2019uso o l\u2019accesso ad esso attribuisce\u00a0all\u2019utente alcun diritto su di essi.<\/p><p>Sono vietati la distribuzione, la modifica, il trasferimento o la comunicazione\u00a0pubblica dei contenuti e qualsiasi altro atto che non sia stato espressamente\u00a0autorizzato dal titolare dei diritti di sfruttamento.<\/p><p>L&#8217;istituzione di un collegamento ipertestuale non implica in alcun caso l&#8217;esistenza di rapporti tra IL PROPRIETARIO DEL SITO WEB e il proprietario del sito Web su cui \u00e8 stabilito, n\u00e9 l&#8217;accettazione e l&#8217;approvazione da parte del PROPRIETARIO DEL SITO WEB dei suoi contenuti o servizi. Coloro che intendono stabilire un collegamento ipertestuale devono richiedere preventivamente l\u2019autorizzazione per iscritto al PROPRIETARIO DEL SITO WEB. In ogni caso, il collegamento ipertestuale consente solo l\u2019accesso alla home page o pagina iniziale del SITO WEB, e dovr\u00e0 inoltre astenersi dal fare dichiarazioni o indicazioni false, imprecise o errate sul PROPRIETARIO DEL SITO WEB, o includere contenuti illegali contrari a buone maniere e ordine\u00a0 pubblico.\u00a0<\/p><p>IL PROPRIETARIO DEL SITO WEB non \u00e8 responsabile dell\u2019uso che\u00a0ciascun utente fa dei materiali messi a disposizione sul SITO WEB o delle\u00a0azioni svolte sulla base di essi.<\/p>\t\t\t\t\t\t<\/div>\n\t\t\t\t<\/div>\n\t\t\t\t\t<\/div>\n\t\t<\/div>\n\t\t\t\t\t<\/div>\n\t\t<\/section>\n\t\t\t\t<div class=\"elementor-element elementor-element-4205ee54 elementor-widget elementor-widget-text-editor\" data-id=\"4205ee54\" data-element_type=\"widget\" data-widget_type=\"text-editor.default\">\n\t\t\t\t<div class=\"elementor-widget-container\">\n\t\t\t\t\t\t\t<h4>ESCLUSIONE DI GARANZIE E RESPONSABILIT\u00c0<\/h4><p>Il contenuto del SITO WEB, di carattere generale, ha uno scopo meramente\u00a0informativo, senza garantire pienamente l\u2019accesso a tutti i contenuti, n\u00e9 la sua\u00a0completezza, correttezza, validit\u00e0 o attualit\u00e0 n\u00e9 la sua idoneit\u00e0 o utilit\u00e0 per uno\u00a0scopo specifico.<\/p><p>IL PROPRIETARIO DEL SITO WEB esclude, per quanto consentito\u00a0dall\u2019ordinamento giuridico, ogni responsabilit\u00e0 per danni di qualsiasi natura <br \/>derivanti da:<\/p>\t\t\t\t\t\t<\/div>\n\t\t\t\t<\/div>\n\t\t\t\t<div class=\"elementor-element elementor-element-7723afdb elementor-widget elementor-widget-text-editor\" data-id=\"7723afdb\" data-element_type=\"widget\" data-widget_type=\"text-editor.default\">\n\t\t\t\t<div class=\"elementor-widget-container\">\n\t\t\t\t\t\t\t<p>a) L\u2019impossibilit\u00e0 di accedere al SITO WEB o la mancanza di veridicit\u00e0,\u00a0accuratezza, completezza e\/ o attualit\u00e0 dei contenuti, nonch\u00e9 l\u2019esistenza\u00a0di vizi e difetti di ogni genere dei contenuti trasmessi, diffusi, conservati,\u00a0messi a disposizione dei visitatori del SITO WEB o tramite i servizi offerti.<\/p><p>b) La presenza di virus o altri elementi nel contenuto che possono\u00a0produrre alterazioni nei sistema informatici, documenti elettronici o nei\u00a0dati dell\u2019utente.<\/p><p>c) Il mancato rispetto delle leggi, della buona fede, dell\u2019ordine pubblico,\u00a0degli usi del traffico e del presente Avviso Legale come conseguenza\u00a0dell\u2019uso improprio del SITO WEB.<\/p>\t\t\t\t\t\t<\/div>\n\t\t\t\t<\/div>\n\t\t\t\t<div class=\"elementor-element elementor-element-5e5522dc elementor-widget elementor-widget-text-editor\" data-id=\"5e5522dc\" data-element_type=\"widget\" data-widget_type=\"text-editor.default\">\n\t\t\t\t<div class=\"elementor-widget-container\">\n\t\t\t\t\t\t\t<p>In particolare, a titolo esemplificativo, IL PROPRIETARIO DEL SITO WEB non\u00a0\u00e8 responsabile delle azioni di terzi che violino i diritti di propriet\u00e0 intellettuale e\u00a0industriale, i segreti aziendali, il diritto alla buona reputazione, alla privacy\u00a0personale e familiare e alla propria immagine, nonch\u00e9 le norme in materia di\u00a0concorrenza sleale e la pubblicit\u00e0 illecita.<\/p><p>Allo stesso modo, IL PROPRIETARIO DEL SITO WEB declina ogni\u00a0responsabilit\u00e0 in merito alle informazioni che si trovano al di fuori di questo <br \/>SITO WEB e che non sono gestite direttamente dal webmaster di B2B\u00a0SOLUTIONS, S.L. La funzione dei link che compaiono su questo SITO WEB \u00e8\u00a0esclusivamente quella di informare l\u2019utente dell\u2019esistenza di altre fonti in grado\u00a0di ampliare i contenuti offerti da questo SITO WEB. IL PROPRIETARIO DEL\u00a0SITO WEB non garantisce n\u00e9 si assume la responsabilit\u00e0 del funzionamento o\u00a0l\u2019accessibilit\u00e0 dei siti collegati; n\u00e9 suggerisce, invita o consiglia una visita a loro,\u00a0quindi non sar\u00e0 responsabile del risultato ottenuto. IL PROPRIETARIO DEL\u00a0SITO WEB non \u00e8 responsabile della creazione di collegamenti ipertestuali da\u00a0parte di terzi.<\/p><h4>PROCEDURA IN CASO DI SVOLGIMENTO DI ATTIVIT\u00c0 ILLECITE<\/h4><p>Nel caso in cui un utente o una terza parte ritenga che possano esistere atti o\u00a0circostanze che rivelano la natura illecita dell\u2019uso di qualsiasi contenuto e\/o lo\u00a0svolgimento di qualsiasi attivit\u00e0 sulle pagine web incluse o accessibili tramite il\u00a0SITO WEB deve inviare una notifica al PROPRIETARIO DEL SITO WEB,\u00a0identificando e specificando adeguatamente le presunte infrazioni e dichiarando\u00a0espressamente, sotto la sua responsabilit\u00e0, che le informazioni ivi fornite sono\u00a0accurate. Per tutte le controversia che interessano il SITO WEB del\u00a0PROPRIETARIO DEL SITO WEB, sar\u00e0 applicabile la legislazione spagnola,\u00a0con competenza delle Corti e dei Tribunali di MADRID (Spagna).<\/p><h4>PUBBLICAZIONI<\/h4><p>Le informazioni amministrative fornite attraverso il SITO WEB non sostituiscono\u00a0in alcun modo la pubblicit\u00e0 legale di leggi, regolamenti, piani, disposizioni\u00a0generali e atti che devono essere formalmente pubblicati nelle Gazzette Ufficiali\u00a0delle Pubbliche Amministrazioni, che costituiscono l&#8217;unico strumento che ne\u00a0attesta l&#8217;autenticit\u00e0 e il contenuto degli stessi.<\/p>\t\t\t\t\t\t<\/div>\n\t\t\t\t<\/div>\n\t\t\t\t\t<\/div>\n\t\t<\/div>\n\t\t\t\t\t<\/div>\n\t\t<\/section>\n\t\t\t\t<\/div>\n\t\t","protected":false},"excerpt":{"rendered":"<p>Informazioni Legali SCOPO E ACCETTAZIONE Questo Avviso Legale regola l\u2019uso del sito web https:\/\/it.b2b.systems (di seguito,\u00a0SITO WEB), titolare di B2B SOLUTIONS, SLU, (di seguito, IL PROPRIETARIO\u00a0DEL SITO WEB). La navigazione nel SITO WEB del PROPRIETARIO DEL SITO WEB attribuisce\u00a0lo stato di utente dello stesso ed implica l\u2019accettazione piena e senza riserve di\u00a0tutte e ciascuna delle [&hellip;]<\/p>\n","protected":false},"author":1,"featured_media":0,"parent":0,"menu_order":1,"comment_status":"closed","ping_status":"closed","template":"","meta":{"footnotes":""},"_links":{"self":[{"href":"https:\/\/it.b2b.systems\/index.php?rest_route=\/wp\/v2\/pages\/1005"}],"collection":[{"href":"https:\/\/it.b2b.systems\/index.php?rest_route=\/wp\/v2\/pages"}],"about":[{"href":"https:\/\/it.b2b.systems\/index.php?rest_route=\/wp\/v2\/types\/page"}],"author":[{"embeddable":true,"href":"https:\/\/it.b2b.systems\/index.php?rest_route=\/wp\/v2\/users\/1"}],"replies":[{"embeddable":true,"href":"https:\/\/it.b2b.systems\/index.php?rest_route=%2Fwp%2Fv2%2Fcomments&post=1005"}],"version-history":[{"count":19,"href":"https:\/\/it.b2b.systems\/index.php?rest_route=\/wp\/v2\/pages\/1005\/revisions"}],"predecessor-version":[{"id":1467,"href":"https:\/\/it.b2b.systems\/index.php?rest_route=\/wp\/v2\/pages\/1005\/revisions\/1467"}],"wp:attachment":[{"href":"https:\/\/it.b2b.systems\/index.php?rest_route=%2Fwp%2Fv2%2Fmedia&parent=1005"}],"curies":[{"name":"wp","href":"https:\/\/api.w.org\/{rel}","templated":true}]}}