{"id":1029,"date":"2023-04-25T09:14:47","date_gmt":"2023-04-25T09:14:47","guid":{"rendered":"https:\/\/it.b2b.systems\/?page_id=1029"},"modified":"2023-07-11T09:57:17","modified_gmt":"2023-07-11T09:57:17","slug":"politica-privacidad-2","status":"publish","type":"page","link":"https:\/\/it.b2b.systems\/?page_id=1029","title":{"rendered":"Seguridad de la informaci\u00f3n"},"content":{"rendered":"\t\t<div data-elementor-type=\"wp-page\" data-elementor-id=\"1029\" class=\"elementor elementor-1029\">\n\t\t\t\t\t\t<section class=\"elementor-section elementor-top-section elementor-element elementor-element-a127562 elementor-section-height-min-height elementor-section-full_width elementor-section-stretched elementor-section-height-default elementor-section-items-middle\" data-id=\"a127562\" data-element_type=\"section\" data-settings=\"{&quot;background_background&quot;:&quot;gradient&quot;,&quot;stretch_section&quot;:&quot;section-stretched&quot;}\">\n\t\t\t\t\t\t\t<div class=\"elementor-background-overlay\"><\/div>\n\t\t\t\t\t\t\t<div class=\"elementor-container elementor-column-gap-default\">\n\t\t\t\t\t<div class=\"elementor-column elementor-col-100 elementor-top-column elementor-element elementor-element-98d703a\" data-id=\"98d703a\" data-element_type=\"column\">\n\t\t\t<div class=\"elementor-widget-wrap elementor-element-populated\">\n\t\t\t\t\t\t<div class=\"elementor-element elementor-element-6b7382a elementor-widget elementor-widget-heading\" data-id=\"6b7382a\" data-element_type=\"widget\" data-widget_type=\"heading.default\">\n\t\t\t\t<div class=\"elementor-widget-container\">\n\t\t\t<style>\/*! elementor - v3.21.0 - 26-05-2024 *\/\n.elementor-heading-title{padding:0;margin:0;line-height:1}.elementor-widget-heading .elementor-heading-title[class*=elementor-size-]>a{color:inherit;font-size:inherit;line-height:inherit}.elementor-widget-heading .elementor-heading-title.elementor-size-small{font-size:15px}.elementor-widget-heading .elementor-heading-title.elementor-size-medium{font-size:19px}.elementor-widget-heading .elementor-heading-title.elementor-size-large{font-size:29px}.elementor-widget-heading .elementor-heading-title.elementor-size-xl{font-size:39px}.elementor-widget-heading .elementor-heading-title.elementor-size-xxl{font-size:59px}<\/style><h2 class=\"elementor-heading-title elementor-size-large\">Politica Di Sicurezza Delle Informazioni<\/h2>\t\t<\/div>\n\t\t\t\t<\/div>\n\t\t\t\t\t<\/div>\n\t\t<\/div>\n\t\t\t\t\t<\/div>\n\t\t<\/section>\n\t\t\t\t<section class=\"elementor-section elementor-top-section elementor-element elementor-element-5c2a0969 elementor-section-stretched elementor-section-boxed elementor-section-height-default elementor-section-height-default\" data-id=\"5c2a0969\" data-element_type=\"section\" data-settings=\"{&quot;stretch_section&quot;:&quot;section-stretched&quot;}\">\n\t\t\t\t\t\t<div class=\"elementor-container elementor-column-gap-default\">\n\t\t\t\t\t<div class=\"elementor-column elementor-col-100 elementor-top-column elementor-element elementor-element-5da9c15\" data-id=\"5da9c15\" data-element_type=\"column\">\n\t\t\t<div class=\"elementor-widget-wrap elementor-element-populated\">\n\t\t\t\t\t\t<section class=\"elementor-section elementor-inner-section elementor-element elementor-element-127ebcd1 elementor-section-boxed elementor-section-height-default elementor-section-height-default\" data-id=\"127ebcd1\" data-element_type=\"section\">\n\t\t\t\t\t\t<div class=\"elementor-container elementor-column-gap-default\">\n\t\t\t\t\t<div class=\"elementor-column elementor-col-100 elementor-inner-column elementor-element elementor-element-22ace5a1\" data-id=\"22ace5a1\" data-element_type=\"column\">\n\t\t\t<div class=\"elementor-widget-wrap elementor-element-populated\">\n\t\t\t\t\t\t<div class=\"elementor-element elementor-element-cacd42 elementor-widget elementor-widget-text-editor\" data-id=\"cacd42\" data-element_type=\"widget\" data-widget_type=\"text-editor.default\">\n\t\t\t\t<div class=\"elementor-widget-container\">\n\t\t\t<style>\/*! elementor - v3.21.0 - 26-05-2024 *\/\n.elementor-widget-text-editor.elementor-drop-cap-view-stacked .elementor-drop-cap{background-color:#69727d;color:#fff}.elementor-widget-text-editor.elementor-drop-cap-view-framed .elementor-drop-cap{color:#69727d;border:3px solid;background-color:transparent}.elementor-widget-text-editor:not(.elementor-drop-cap-view-default) .elementor-drop-cap{margin-top:8px}.elementor-widget-text-editor:not(.elementor-drop-cap-view-default) .elementor-drop-cap-letter{width:1em;height:1em}.elementor-widget-text-editor .elementor-drop-cap{float:left;text-align:center;line-height:1;font-size:50px}.elementor-widget-text-editor .elementor-drop-cap-letter{display:inline-block}<\/style>\t\t\t\t<p>A causa della nostra <strong>Attivit\u00e0 di Consulenza Software<\/strong> (dall\u2019installazione e\u00a0configurazione dei prodotti acquisiti dal cliente alla consulenza, auditing,\u00a0progettazione e sviluppo del software, sviluppi aggiuntivi per \u201cpersonalizzare\u201d gli\u00a0strumenti), a <strong>B2B SOLUTIONS<\/strong> sappiamo che le informazioni sono una risorsa\u00a0di alto valore sia per la nostra organizzazione sia per i nostri clienti e che quindi\u00a0richiedono una un\u2019adeguata protezione e gestione al fine di dare continuit\u00e0 alla\u00a0nostra l\u00ednea di business e ridurre al minimo i possibili danni causati da guasti in\u00a0rispetto all\u2019integrit\u00e0, disponibilit\u00e0 e riservatezza delle informazioni.\u00a0<\/p><p>Per questo motivo <strong>B2B SOLUTIONS<\/strong> acquisisce i seguenti impegni:<\/p>\t\t\t\t\t\t<\/div>\n\t\t\t\t<\/div>\n\t\t\t\t<div class=\"elementor-element elementor-element-517fdeef elementor-widget elementor-widget-text-editor\" data-id=\"517fdeef\" data-element_type=\"widget\" data-widget_type=\"text-editor.default\">\n\t\t\t\t<div class=\"elementor-widget-container\">\n\t\t\t\t\t\t\t<ul><li style=\"font-weight: 400;\"><em>La volont\u00e0 permanente di <strong>B2B SOLUTIONS<\/strong> nell\u2019area di Sicurezza delle\u00a0Informazioni sar\u00e0 dimostrata attraverso programmi di formazione e\u00a0sensibilizzazione che promuovono la gestione partecipativa in questo\u00a0settore, consentendo che le competenze del personale vengano utilizzate\u00a0per migliorare continuamente il processo produttivo.<\/em><\/li><li style=\"font-weight: 400;\"><em>Per garantire lo sviluppo delle proprie attivit\u00e0 nell\u2019ambito delle normative e\u00a0regolamenti applicabili, sar\u00e0 rispettata la legislazione, nonch\u00e9 gli altri\u00a0requisiti sottoscritti con i propri clienti, inclusi quelli relativi alla Sicurezza\u00a0delle Informazioni.<\/em><\/li><li style=\"font-weight: 400;\"><em>Rispettare i requisiti e migliorare continuamente l\u2019efficacia del Sistema di\u00a0Gestione della Sicurezza delle Informazioni, attraverso l\u2019implementazione\u00a0di sistema di misurazione e monitoraggio per le soluzione e gli sviluppi\u00a0realizzati per i nostri clienti, nonch\u00e9 gli obiettivi di Sicurezza delle\u00a0Informazioni.<\/em><\/li><li style=\"font-weight: 400;\"><em>Garantire la continuit\u00e0 aziendale sviluppando piani di continuit\u00e0 secondo\u00a0metodologie riconosciute.<\/em><\/li><li style=\"font-weight: 400;\"><em>Realizzare e revisionare periodicamente un\u2019analisi dei rischi basata su\u00a0metodi riconosciuti che ci consentono di stabilire il livello di sicurezza delle\u00a0informazioni e minimizzano i rischi attraverso lo sviluppo di politiche\u00a0specifiche, soluzioni tecniche e accordi contrattuali con organizzazioni\u00a0specializzate.<\/em><\/li><li style=\"font-weight: 400;\"><em>Il personale di <strong>B2B SOLUTIONS<\/strong> svolger\u00e0 il proprio lavoro finalizzato al\u00a0raggiungimento degli obiettivi prefissati e nel rispetto, in ogni momento\u00a0delle disposizioni di legge.<\/em><\/li><\/ul>\t\t\t\t\t\t<\/div>\n\t\t\t\t<\/div>\n\t\t\t\t<div class=\"elementor-element elementor-element-60f032cf elementor-widget elementor-widget-text-editor\" data-id=\"60f032cf\" data-element_type=\"widget\" data-widget_type=\"text-editor.default\">\n\t\t\t\t<div class=\"elementor-widget-container\">\n\t\t\t\t\t\t\t<p style=\"font-weight: 400;\">Questa pol\u00edtica sar\u00e0 rivista con una periodicit\u00e0 annuale massima.<\/p><p style=\"font-weight: 400;\">Team di gestione<\/p><p style=\"font-weight: 400;\">\u00a0 \u00a0 \u00a0 \u00a010\/08\/2020\u00a0<\/p>\t\t\t\t\t\t<\/div>\n\t\t\t\t<\/div>\n\t\t\t\t\t<\/div>\n\t\t<\/div>\n\t\t\t\t\t<\/div>\n\t\t<\/section>\n\t\t\t\t\t<\/div>\n\t\t<\/div>\n\t\t\t\t\t<\/div>\n\t\t<\/section>\n\t\t\t\t<section class=\"elementor-section elementor-top-section elementor-element elementor-element-2861d456 elementor-section-stretched elementor-section-boxed elementor-section-height-default elementor-section-height-default\" data-id=\"2861d456\" data-element_type=\"section\" data-settings=\"{&quot;stretch_section&quot;:&quot;section-stretched&quot;}\">\n\t\t\t\t\t\t<div class=\"elementor-container elementor-column-gap-default\">\n\t\t\t\t\t<div class=\"elementor-column elementor-col-100 elementor-top-column elementor-element elementor-element-c67a5ac\" data-id=\"c67a5ac\" data-element_type=\"column\">\n\t\t\t<div class=\"elementor-widget-wrap\">\n\t\t\t\t\t\t\t<\/div>\n\t\t<\/div>\n\t\t\t\t\t<\/div>\n\t\t<\/section>\n\t\t\t\t<\/div>\n\t\t","protected":false},"excerpt":{"rendered":"<p>Politica Di Sicurezza Delle Informazioni A causa della nostra Attivit\u00e0 di Consulenza Software (dall\u2019installazione e\u00a0configurazione dei prodotti acquisiti dal cliente alla consulenza, auditing,\u00a0progettazione e sviluppo del software, sviluppi aggiuntivi per \u201cpersonalizzare\u201d gli\u00a0strumenti), a B2B SOLUTIONS sappiamo che le informazioni sono una risorsa\u00a0di alto valore sia per la nostra organizzazione sia per i nostri clienti e [&hellip;]<\/p>\n","protected":false},"author":1,"featured_media":0,"parent":0,"menu_order":1,"comment_status":"closed","ping_status":"closed","template":"","meta":{"footnotes":""},"_links":{"self":[{"href":"https:\/\/it.b2b.systems\/index.php?rest_route=\/wp\/v2\/pages\/1029"}],"collection":[{"href":"https:\/\/it.b2b.systems\/index.php?rest_route=\/wp\/v2\/pages"}],"about":[{"href":"https:\/\/it.b2b.systems\/index.php?rest_route=\/wp\/v2\/types\/page"}],"author":[{"embeddable":true,"href":"https:\/\/it.b2b.systems\/index.php?rest_route=\/wp\/v2\/users\/1"}],"replies":[{"embeddable":true,"href":"https:\/\/it.b2b.systems\/index.php?rest_route=%2Fwp%2Fv2%2Fcomments&post=1029"}],"version-history":[{"count":20,"href":"https:\/\/it.b2b.systems\/index.php?rest_route=\/wp\/v2\/pages\/1029\/revisions"}],"predecessor-version":[{"id":1475,"href":"https:\/\/it.b2b.systems\/index.php?rest_route=\/wp\/v2\/pages\/1029\/revisions\/1475"}],"wp:attachment":[{"href":"https:\/\/it.b2b.systems\/index.php?rest_route=%2Fwp%2Fv2%2Fmedia&parent=1029"}],"curies":[{"name":"wp","href":"https:\/\/api.w.org\/{rel}","templated":true}]}}